{"id":3029,"date":"2025-01-07T00:40:59","date_gmt":"2025-01-07T00:40:59","guid":{"rendered":"https:\/\/scer.ca\/investissement\/"},"modified":"2025-08-05T12:44:31","modified_gmt":"2025-08-05T12:44:31","slug":"investissement","status":"publish","type":"page","link":"https:\/\/scer.ca\/en\/investissement\/","title":{"rendered":"Investment"},"content":{"rendered":"","protected":false},"excerpt":{"rendered":"","protected":false},"author":1,"featured_media":0,"parent":0,"menu_order":0,"comment_status":"closed","ping_status":"closed","template":"","meta":{"saved_in_kubio":true,"_uag_custom_page_level_css":"","footnotes":""},"class_list":["post-3029","page","type-page","status-publish","hentry"],"aioseo_notices":[],"kubio_ai_page_context":{"short_desc":"D\u00e9couvrez une page d\u2019investissement con\u00e7ue par l\u2019intelligence artificielle pour SCER. Alliant innovation et pr\u00e9cision, cette page vous offre des informations d\u00e9taill\u00e9es et parfaitement structur\u00e9es. Chaque section est optimis\u00e9e pour fournir une exp\u00e9rience utilisateur fluide et intuitive, tout en mettant en avant les opportunit\u00e9s exceptionnelles offertes par SCER. Gr\u00e2ce \u00e0 l'IA, le contenu est pens\u00e9 pour maximiser votre engagement et r\u00e9pondre \u00e0 toutes vos interrogations.\n\nMots-cl\u00e9s pour le r\u00e9f\u00e9rencement :\nInvestissement, \u00e9nergie renouvelable, opportunit\u00e9s d\u2019investissement, SCER, intelligence artificielle, page optimis\u00e9e, transition \u00e9nerg\u00e9tique, IA, solutions solaires, durabilit\u00e9.","purpose":"faq"},"uagb_featured_image_src":{"full":false,"thumbnail":false,"medium":false,"medium_large":false,"large":false,"1536x1536":false,"2048x2048":false,"trp-custom-language-flag":false,"kubio-fullhd":false,"woocommerce_thumbnail":false,"woocommerce_single":false,"woocommerce_gallery_thumbnail":false},"uagb_author_info":{"display_name":"cyrille","author_link":"https:\/\/scer.ca\/en\/author\/cyrildippu9gmail-com\/"},"uagb_comment_info":0,"uagb_excerpt":null,"_links":{"self":[{"href":"https:\/\/scer.ca\/en\/wp-json\/wp\/v2\/pages\/3029","targetHints":{"allow":["GET"]}}],"collection":[{"href":"https:\/\/scer.ca\/en\/wp-json\/wp\/v2\/pages"}],"about":[{"href":"https:\/\/scer.ca\/en\/wp-json\/wp\/v2\/types\/page"}],"author":[{"embeddable":true,"href":"https:\/\/scer.ca\/en\/wp-json\/wp\/v2\/users\/1"}],"replies":[{"embeddable":true,"href":"https:\/\/scer.ca\/en\/wp-json\/wp\/v2\/comments?post=3029"}],"version-history":[{"count":8,"href":"https:\/\/scer.ca\/en\/wp-json\/wp\/v2\/pages\/3029\/revisions"}],"predecessor-version":[{"id":3183,"href":"https:\/\/scer.ca\/en\/wp-json\/wp\/v2\/pages\/3029\/revisions\/3183"}],"wp:attachment":[{"href":"https:\/\/scer.ca\/en\/wp-json\/wp\/v2\/media?parent=3029"}],"curies":[{"name":"wp","href":"https:\/\/api.w.org\/{rel}","templated":true}]}}